{"id":23268,"date":"2025-01-16T16:45:52","date_gmt":"2025-01-16T15:45:52","guid":{"rendered":"https:\/\/www.grandsoleil.net\/?page_id=23268"},"modified":"2026-04-15T17:37:50","modified_gmt":"2026-04-15T15:37:50","slug":"grand-soleil-cup-2026","status":"publish","type":"page","link":"https:\/\/www.grandsoleil.net\/it\/grand-soleil-cup-2026\/","title":{"rendered":"Grand Soleil Cup 2026"},"content":{"rendered":"\n<div class=\"wp-block-cover alignfull is-light thor-hidden-sm thor-hidden-md\" style=\"padding-top:0px;padding-right:0px;padding-bottom:0px;padding-left:0px;min-height:100vh;aspect-ratio:unset;\"><span aria-hidden=\"true\" class=\"wp-block-cover__background has-background-dim-0 has-background-dim\" style=\"background-color:#FFF\"><\/span><img loading=\"lazy\" decoding=\"async\" width=\"1920\" height=\"1080\" class=\"wp-block-cover__image-background wp-image-26582\" alt=\"\" src=\"https:\/\/www.grandsoleil.net\/app\/uploads\/2026\/01\/NEWS-GS-CUP-2026_desktop.jpg\" data-object-fit=\"cover\" srcset=\"https:\/\/www.grandsoleil.net\/app\/uploads\/2026\/01\/NEWS-GS-CUP-2026_desktop.jpg 1920w, https:\/\/www.grandsoleil.net\/app\/uploads\/2026\/01\/NEWS-GS-CUP-2026_desktop-600x338.jpg 600w, https:\/\/www.grandsoleil.net\/app\/uploads\/2026\/01\/NEWS-GS-CUP-2026_desktop-1440x810.jpg 1440w, https:\/\/www.grandsoleil.net\/app\/uploads\/2026\/01\/NEWS-GS-CUP-2026_desktop-1024x576.jpg 1024w, https:\/\/www.grandsoleil.net\/app\/uploads\/2026\/01\/NEWS-GS-CUP-2026_desktop-1536x864.jpg 1536w, https:\/\/www.grandsoleil.net\/app\/uploads\/2026\/01\/NEWS-GS-CUP-2026_desktop-70x39.jpg 70w\" sizes=\"(max-width: 1920px) 100vw, 1920px\" \/><div class=\"wp-block-cover__inner-container is-layout-flow wp-block-cover-is-layout-flow\">\n<div style=\"height:80px\" aria-hidden=\"true\" class=\"wp-block-spacer\"><\/div>\n\n\n\n<div class=\"wp-block-group thor-maxwidth-xl thor-maxwidth-xl is-layout-constrained wp-block-group-is-layout-constrained\">\n<figure class=\"wp-block-image size-full\"><img loading=\"lazy\" decoding=\"async\" width=\"1263\" height=\"724\" src=\"https:\/\/www.grandsoleil.net\/app\/uploads\/2026\/02\/NEWS-GS-CUP-2026_desktop-ita-1.png\" alt=\"\" class=\"wp-image-26764\" srcset=\"https:\/\/www.grandsoleil.net\/app\/uploads\/2026\/02\/NEWS-GS-CUP-2026_desktop-ita-1.png 1263w, https:\/\/www.grandsoleil.net\/app\/uploads\/2026\/02\/NEWS-GS-CUP-2026_desktop-ita-1-600x344.png 600w, https:\/\/www.grandsoleil.net\/app\/uploads\/2026\/02\/NEWS-GS-CUP-2026_desktop-ita-1-1024x587.png 1024w, https:\/\/www.grandsoleil.net\/app\/uploads\/2026\/02\/NEWS-GS-CUP-2026_desktop-ita-1-70x40.png 70w\" sizes=\"(max-width: 1263px) 100vw, 1263px\" \/><\/figure>\n<\/div>\n\n\n\n<div style=\"height:80px\" aria-hidden=\"true\" class=\"wp-block-spacer\"><\/div>\n<\/div><\/div>\n\n\n\n<div class=\"wp-block-cover alignfull is-light hide-on-mobile thor-hidden-lg thor-hidden-xl\" style=\"min-height:100vh;aspect-ratio:unset;\"><span aria-hidden=\"true\" class=\"wp-block-cover__background has-background-dim-0 has-background-dim\" style=\"background-color:#FFF\"><\/span><img loading=\"lazy\" decoding=\"async\" width=\"768\" height=\"1662\" class=\"wp-block-cover__image-background wp-image-26592\" alt=\"\" src=\"https:\/\/www.grandsoleil.net\/app\/uploads\/2026\/01\/NEWS-GS-CUP-2026_Hero_mobile-1.jpg\" data-object-fit=\"cover\" srcset=\"https:\/\/www.grandsoleil.net\/app\/uploads\/2026\/01\/NEWS-GS-CUP-2026_Hero_mobile-1.jpg 768w, https:\/\/www.grandsoleil.net\/app\/uploads\/2026\/01\/NEWS-GS-CUP-2026_Hero_mobile-1-600x1298.jpg 600w, https:\/\/www.grandsoleil.net\/app\/uploads\/2026\/01\/NEWS-GS-CUP-2026_Hero_mobile-1-710x1536.jpg 710w, https:\/\/www.grandsoleil.net\/app\/uploads\/2026\/01\/NEWS-GS-CUP-2026_Hero_mobile-1-70x151.jpg 70w\" sizes=\"(max-width: 768px) 100vw, 768px\" \/><div class=\"wp-block-cover__inner-container is-layout-flow wp-block-cover-is-layout-flow\">\n<div class=\"wp-block-group thor-maxwidth-xs thor-maxwidth-xs is-layout-constrained wp-block-group-is-layout-constrained\">\n<figure class=\"wp-block-image aligncenter size-full is-resized\"><img loading=\"lazy\" decoding=\"async\" width=\"884\" height=\"805\" src=\"https:\/\/www.grandsoleil.net\/app\/uploads\/2026\/02\/NEWS-GS-CUP-2026_mobile-iat-1.png\" alt=\"\" class=\"wp-image-26766\" style=\"width:500px\" srcset=\"https:\/\/www.grandsoleil.net\/app\/uploads\/2026\/02\/NEWS-GS-CUP-2026_mobile-iat-1.png 884w, https:\/\/www.grandsoleil.net\/app\/uploads\/2026\/02\/NEWS-GS-CUP-2026_mobile-iat-1-600x546.png 600w, https:\/\/www.grandsoleil.net\/app\/uploads\/2026\/02\/NEWS-GS-CUP-2026_mobile-iat-1-70x64.png 70w\" sizes=\"(max-width: 884px) 100vw, 884px\" \/><\/figure>\n<\/div>\n<\/div><\/div>\n\n\n\n<div class=\"wp-block-group thor-maxwidth-lg thor-maxwidth-lg is-layout-flow wp-block-group-is-layout-flow\">\n<div style=\"height:144px\" aria-hidden=\"true\" class=\"wp-block-spacer\"><\/div>\n\n\n\n<div class=\"wp-block-group thor-maxwidth-md thor-maxwidth-md is-layout-flow wp-block-group-is-layout-flow\">\n<h2 class=\"wp-block-heading has-text-align-center font-sans has-3-xl-font-size\" style=\"text-transform:uppercase\">le iscrizioni sono aperte!<\/h2>\n<\/div>\n\n\n\n<div style=\"height:40px\" aria-hidden=\"true\" class=\"wp-block-spacer\"><\/div>\n\n\n\n<hr class=\"wp-block-separator has-text-color has-primary-color has-css-opacity has-primary-background-color has-background is-style-default\"\/>\n\n\n\n<div class=\"wp-block-group thor-maxwidth-ml wp-embed-aspect-16-9 wp-has-aspect-ratio thor-maxwidth-ml is-layout-constrained wp-block-group-is-layout-constrained\">\n<div style=\"height:40px\" aria-hidden=\"true\" class=\"wp-block-spacer\"><\/div>\n\n\n\n<p class=\"has-text-align-center\">Siamo lieti di annunciare la Grand Soleil Cup 2026, in programma dal 21 al 23 maggio nella splendida cornice di Porto Cervo, organizzato dallo Yacht Club Costa Smeralda.<br><br>Per iscriversi all\u2019evento, i partecipanti dovranno scaricare e compilare il modulo di iscrizione disponibile sul sito dello Yacht Club Costa Smeralda (vedi cta in fondo alla pagina) e inviarlo a secretariat@yccs.it, secondo le istruzioni riportate nella documentazione ufficiale.<br><br>Le regate si svolgeranno tra le splendide acque di Porto Cervo e l\u2019Arcipelago di La Maddalena, offrendo sfide emozionanti e scenari di straordinaria bellezza.<br><br>L\u2019evento prender\u00e0 il via gioved\u00ec 21 maggio con le procedure di registrazioni e il programma sar\u00e0 arricchito dallo skipper briefing e da un welcome cocktail presso lo Yacht Club Costa Smeralda. I partecipanti alla Grand Soleil Cup saranno inoltre invitati a un elegante Gala Dinner nella serata di gioved\u00ec, mentre tutti gli equipaggi si ritroveranno sabato per il party di chiusura, condividendo entusiasmo e passione per la vela in un\u2019atmosfera di festa.<br><br>La Grand Soleil Cup 2026 promette emozioni uniche e momenti indimenticabili per tutti i partecipanti.<br>Vi aspettiamo allo Yacht Club Costa Smeralda.<br><br>Per ulteriori informazioni: gscup@cantieredelpardo.com\u2028\u2028<br><br>Vi invitiamo a scaricare di seguito il programma dell\u2019evento e a visitare il sito dello Yacht Club Costa Smeralda per consultare il bando e il modulo di iscrizione.<br><\/p>\n\n\n\n<div style=\"height:40px\" aria-hidden=\"true\" class=\"wp-block-spacer\"><\/div>\n\n\n\n<div class=\"wp-block-buttons is-horizontal is-content-justification-center is-layout-flex wp-container-core-buttons-is-layout-1 wp-block-buttons-is-layout-flex\">\n<div class=\"wp-block-button is-style-outline is-style-outline--daf963b8da7680dbee2b65d4631efa23\" style=\"text-transform:uppercase\"><a class=\"wp-block-button__link has-black-color has-text-color wp-element-button\" href=\"https:\/\/www.yccs.it\/regate-2026\/grand_soleil_cup-3350.html\" target=\"_blank\" rel=\"noreferrer noopener\">vai al sito YCCS<\/a><\/div>\n\n\n\n<div class=\"wp-block-button is-style-outline is-style-outline--766dc0bb50624043657dd3943c52b533\" style=\"text-transform:uppercase\"><a class=\"wp-block-button__link has-black-color has-text-color wp-element-button\" href=\"https:\/\/www.grandsoleil.net\/app\/uploads\/2026\/03\/PROGRAMMA-GS-CUP_2026.pdf\" target=\"_blank\" rel=\"noreferrer noopener\">scarica il programma ufficiale<\/a><\/div>\n<\/div>\n\n\n\n<div style=\"height:40px\" aria-hidden=\"true\" class=\"wp-block-spacer\"><\/div>\n<\/div>\n\n\n\n<div style=\"height:52px\" aria-hidden=\"true\" class=\"wp-block-spacer\"><\/div>\n<\/div>\n\n\n\n<div class=\"wp-block-group thor-maxwidth-md thor-maxwidth-md is-layout-constrained wp-block-group-is-layout-constrained\">\n<figure class=\"wp-block-image size-large\"><img loading=\"lazy\" decoding=\"async\" width=\"1440\" height=\"1374\" src=\"https:\/\/www.grandsoleil.net\/app\/uploads\/2026\/03\/SPONSOR-GS-ita-1440x1374.png\" alt=\"\" class=\"wp-image-26892\" srcset=\"https:\/\/www.grandsoleil.net\/app\/uploads\/2026\/03\/SPONSOR-GS-ita-1440x1374.png 1440w, https:\/\/www.grandsoleil.net\/app\/uploads\/2026\/03\/SPONSOR-GS-ita-600x573.png 600w, https:\/\/www.grandsoleil.net\/app\/uploads\/2026\/03\/SPONSOR-GS-ita-1024x977.png 1024w, https:\/\/www.grandsoleil.net\/app\/uploads\/2026\/03\/SPONSOR-GS-ita-1536x1466.png 1536w, https:\/\/www.grandsoleil.net\/app\/uploads\/2026\/03\/SPONSOR-GS-ita-70x67.png 70w, https:\/\/www.grandsoleil.net\/app\/uploads\/2026\/03\/SPONSOR-GS-ita.png 1600w\" sizes=\"(max-width: 1440px) 100vw, 1440px\" \/><\/figure>\n\n\n\n<div style=\"height:90px\" aria-hidden=\"true\" class=\"wp-block-spacer\"><\/div>\n<\/div>\n","protected":false},"excerpt":{"rendered":"<p>le iscrizioni sono aperte! Siamo lieti di annunciare la Grand Soleil Cup 2026, in programma dal 21 al 23 maggio&#8230;<\/p>\n","protected":false},"author":2,"featured_media":23273,"parent":0,"menu_order":0,"comment_status":"closed","ping_status":"closed","template":"","meta":{"_acf_changed":false,"inline_featured_image":false,"footnotes":""},"class_list":["post-23268","page","type-page","status-publish","has-post-thumbnail","hentry"],"acf":[],"yoast_head":"<!-- This site is optimized with the Yoast SEO plugin v23.6 - https:\/\/yoast.com\/wordpress\/plugins\/seo\/ -->\n<title>Grand Soleil Cup 2026 - Grand Soleil<\/title>\n<meta name=\"robots\" content=\"index, follow, max-snippet:-1, max-image-preview:large, max-video-preview:-1\" \/>\n<link rel=\"canonical\" href=\"https:\/\/www.grandsoleil.net\/it\/grand-soleil-cup-2026\/\" \/>\n<meta property=\"og:locale\" content=\"it_IT\" \/>\n<meta property=\"og:type\" content=\"article\" \/>\n<meta property=\"og:title\" content=\"Grand Soleil Cup 2026 - Grand Soleil\" \/>\n<meta property=\"og:description\" content=\"le iscrizioni sono aperte! Siamo lieti di annunciare la Grand Soleil Cup 2026, in programma dal 21 al 23 maggio...\" \/>\n<meta property=\"og:url\" content=\"https:\/\/www.grandsoleil.net\/it\/grand-soleil-cup-2026\/\" \/>\n<meta property=\"og:site_name\" content=\"Grand Soleil\" \/>\n<meta property=\"article:modified_time\" content=\"2026-04-15T15:37:50+00:00\" \/>\n<meta property=\"og:image\" content=\"https:\/\/www.grandsoleil.net\/app\/uploads\/2025\/01\/NEWS-GS-CUP-25_THUMB_ITA.jpg\" \/>\n\t<meta property=\"og:image:width\" content=\"2250\" \/>\n\t<meta property=\"og:image:height\" content=\"1080\" \/>\n\t<meta property=\"og:image:type\" content=\"image\/jpeg\" \/>\n<meta name=\"twitter:card\" content=\"summary_large_image\" \/>\n<meta name=\"twitter:label1\" content=\"Tempo di lettura stimato\" \/>\n\t<meta name=\"twitter:data1\" content=\"3 minuti\" \/>\n<script type=\"application\/ld+json\" class=\"yoast-schema-graph\">{\"@context\":\"https:\/\/schema.org\",\"@graph\":[{\"@type\":\"WebPage\",\"@id\":\"https:\/\/www.grandsoleil.net\/it\/grand-soleil-cup-2026\/\",\"url\":\"https:\/\/www.grandsoleil.net\/it\/grand-soleil-cup-2026\/\",\"name\":\"Grand Soleil Cup 2026 - Grand Soleil\",\"isPartOf\":{\"@id\":\"https:\/\/www.grandsoleil.net\/#website\"},\"primaryImageOfPage\":{\"@id\":\"https:\/\/www.grandsoleil.net\/it\/grand-soleil-cup-2026\/#primaryimage\"},\"image\":{\"@id\":\"https:\/\/www.grandsoleil.net\/it\/grand-soleil-cup-2026\/#primaryimage\"},\"thumbnailUrl\":\"https:\/\/www.grandsoleil.net\/app\/uploads\/2025\/01\/NEWS-GS-CUP-25_THUMB_ITA.jpg\",\"datePublished\":\"2025-01-16T15:45:52+00:00\",\"dateModified\":\"2026-04-15T15:37:50+00:00\",\"breadcrumb\":{\"@id\":\"https:\/\/www.grandsoleil.net\/it\/grand-soleil-cup-2026\/#breadcrumb\"},\"inLanguage\":\"it-IT\",\"potentialAction\":[{\"@type\":\"ReadAction\",\"target\":[\"https:\/\/www.grandsoleil.net\/it\/grand-soleil-cup-2026\/\"]}]},{\"@type\":\"ImageObject\",\"inLanguage\":\"it-IT\",\"@id\":\"https:\/\/www.grandsoleil.net\/it\/grand-soleil-cup-2026\/#primaryimage\",\"url\":\"https:\/\/www.grandsoleil.net\/app\/uploads\/2025\/01\/NEWS-GS-CUP-25_THUMB_ITA.jpg\",\"contentUrl\":\"https:\/\/www.grandsoleil.net\/app\/uploads\/2025\/01\/NEWS-GS-CUP-25_THUMB_ITA.jpg\",\"width\":2250,\"height\":1080},{\"@type\":\"WebSite\",\"@id\":\"https:\/\/www.grandsoleil.net\/#website\",\"url\":\"https:\/\/www.grandsoleil.net\/\",\"name\":\"Grand Soleil\",\"description\":\"\",\"publisher\":{\"@id\":\"https:\/\/www.grandsoleil.net\/#organization\"},\"potentialAction\":[{\"@type\":\"SearchAction\",\"target\":{\"@type\":\"EntryPoint\",\"urlTemplate\":\"https:\/\/www.grandsoleil.net\/?s={search_term_string}\"},\"query-input\":{\"@type\":\"PropertyValueSpecification\",\"valueRequired\":true,\"valueName\":\"search_term_string\"}}],\"inLanguage\":\"it-IT\"},{\"@type\":\"Organization\",\"@id\":\"https:\/\/www.grandsoleil.net\/#organization\",\"name\":\"Grand Soleil\",\"url\":\"https:\/\/www.grandsoleil.net\/\",\"logo\":{\"@type\":\"ImageObject\",\"inLanguage\":\"it-IT\",\"@id\":\"https:\/\/www.grandsoleil.net\/#\/schema\/logo\/image\/\",\"url\":\"https:\/\/www.grandsoleil.net\/app\/uploads\/2021\/09\/GrandSoleil_logo.jpeg\",\"contentUrl\":\"https:\/\/www.grandsoleil.net\/app\/uploads\/2021\/09\/GrandSoleil_logo.jpeg\",\"width\":768,\"height\":159,\"caption\":\"Grand Soleil\"},\"image\":{\"@id\":\"https:\/\/www.grandsoleil.net\/#\/schema\/logo\/image\/\"}}]}<\/script>\n<!-- \/ Yoast SEO plugin. -->","yoast_head_json":{"title":"Grand Soleil Cup 2026 - Grand Soleil","robots":{"index":"index","follow":"follow","max-snippet":"max-snippet:-1","max-image-preview":"max-image-preview:large","max-video-preview":"max-video-preview:-1"},"canonical":"https:\/\/www.grandsoleil.net\/it\/grand-soleil-cup-2026\/","og_locale":"it_IT","og_type":"article","og_title":"Grand Soleil Cup 2026 - Grand Soleil","og_description":"le iscrizioni sono aperte! Siamo lieti di annunciare la Grand Soleil Cup 2026, in programma dal 21 al 23 maggio...","og_url":"https:\/\/www.grandsoleil.net\/it\/grand-soleil-cup-2026\/","og_site_name":"Grand Soleil","article_modified_time":"2026-04-15T15:37:50+00:00","og_image":[{"width":2250,"height":1080,"url":"https:\/\/www.grandsoleil.net\/app\/uploads\/2025\/01\/NEWS-GS-CUP-25_THUMB_ITA.jpg","type":"image\/jpeg"}],"twitter_card":"summary_large_image","twitter_misc":{"Tempo di lettura stimato":"3 minuti"},"schema":{"@context":"https:\/\/schema.org","@graph":[{"@type":"WebPage","@id":"https:\/\/www.grandsoleil.net\/it\/grand-soleil-cup-2026\/","url":"https:\/\/www.grandsoleil.net\/it\/grand-soleil-cup-2026\/","name":"Grand Soleil Cup 2026 - Grand Soleil","isPartOf":{"@id":"https:\/\/www.grandsoleil.net\/#website"},"primaryImageOfPage":{"@id":"https:\/\/www.grandsoleil.net\/it\/grand-soleil-cup-2026\/#primaryimage"},"image":{"@id":"https:\/\/www.grandsoleil.net\/it\/grand-soleil-cup-2026\/#primaryimage"},"thumbnailUrl":"https:\/\/www.grandsoleil.net\/app\/uploads\/2025\/01\/NEWS-GS-CUP-25_THUMB_ITA.jpg","datePublished":"2025-01-16T15:45:52+00:00","dateModified":"2026-04-15T15:37:50+00:00","breadcrumb":{"@id":"https:\/\/www.grandsoleil.net\/it\/grand-soleil-cup-2026\/#breadcrumb"},"inLanguage":"it-IT","potentialAction":[{"@type":"ReadAction","target":["https:\/\/www.grandsoleil.net\/it\/grand-soleil-cup-2026\/"]}]},{"@type":"ImageObject","inLanguage":"it-IT","@id":"https:\/\/www.grandsoleil.net\/it\/grand-soleil-cup-2026\/#primaryimage","url":"https:\/\/www.grandsoleil.net\/app\/uploads\/2025\/01\/NEWS-GS-CUP-25_THUMB_ITA.jpg","contentUrl":"https:\/\/www.grandsoleil.net\/app\/uploads\/2025\/01\/NEWS-GS-CUP-25_THUMB_ITA.jpg","width":2250,"height":1080},{"@type":"WebSite","@id":"https:\/\/www.grandsoleil.net\/#website","url":"https:\/\/www.grandsoleil.net\/","name":"Grand Soleil","description":"","publisher":{"@id":"https:\/\/www.grandsoleil.net\/#organization"},"potentialAction":[{"@type":"SearchAction","target":{"@type":"EntryPoint","urlTemplate":"https:\/\/www.grandsoleil.net\/?s={search_term_string}"},"query-input":{"@type":"PropertyValueSpecification","valueRequired":true,"valueName":"search_term_string"}}],"inLanguage":"it-IT"},{"@type":"Organization","@id":"https:\/\/www.grandsoleil.net\/#organization","name":"Grand Soleil","url":"https:\/\/www.grandsoleil.net\/","logo":{"@type":"ImageObject","inLanguage":"it-IT","@id":"https:\/\/www.grandsoleil.net\/#\/schema\/logo\/image\/","url":"https:\/\/www.grandsoleil.net\/app\/uploads\/2021\/09\/GrandSoleil_logo.jpeg","contentUrl":"https:\/\/www.grandsoleil.net\/app\/uploads\/2021\/09\/GrandSoleil_logo.jpeg","width":768,"height":159,"caption":"Grand Soleil"},"image":{"@id":"https:\/\/www.grandsoleil.net\/#\/schema\/logo\/image\/"}}]}},"_links":{"self":[{"href":"https:\/\/www.grandsoleil.net\/it\/wp-json\/wp\/v2\/pages\/23268"}],"collection":[{"href":"https:\/\/www.grandsoleil.net\/it\/wp-json\/wp\/v2\/pages"}],"about":[{"href":"https:\/\/www.grandsoleil.net\/it\/wp-json\/wp\/v2\/types\/page"}],"author":[{"embeddable":true,"href":"https:\/\/www.grandsoleil.net\/it\/wp-json\/wp\/v2\/users\/2"}],"replies":[{"embeddable":true,"href":"https:\/\/www.grandsoleil.net\/it\/wp-json\/wp\/v2\/comments?post=23268"}],"version-history":[{"count":41,"href":"https:\/\/www.grandsoleil.net\/it\/wp-json\/wp\/v2\/pages\/23268\/revisions"}],"predecessor-version":[{"id":27066,"href":"https:\/\/www.grandsoleil.net\/it\/wp-json\/wp\/v2\/pages\/23268\/revisions\/27066"}],"wp:featuredmedia":[{"embeddable":true,"href":"https:\/\/www.grandsoleil.net\/it\/wp-json\/wp\/v2\/media\/23273"}],"wp:attachment":[{"href":"https:\/\/www.grandsoleil.net\/it\/wp-json\/wp\/v2\/media?parent=23268"}],"curies":[{"name":"wp","href":"https:\/\/api.w.org\/{rel}","templated":true}]}}