{"id":26883,"date":"2026-03-13T12:43:30","date_gmt":"2026-03-13T11:43:30","guid":{"rendered":"https:\/\/www.grandsoleil.net\/?page_id=26883"},"modified":"2026-03-13T12:43:34","modified_gmt":"2026-03-13T11:43:34","slug":"cookie-policy","status":"publish","type":"page","link":"https:\/\/www.grandsoleil.net\/it\/cookie-policy\/","title":{"rendered":"COOKIE POLICY"},"content":{"rendered":"\n<div class=\"wp-block-group thor-maxwidth-md thor-maxwidth-md is-layout-flow wp-block-group-is-layout-flow\">\n<div style=\"height:200px\" aria-hidden=\"true\" class=\"wp-block-spacer thor-hidden-sm thor-hidden-md\"><\/div>\n\n\n\n<div style=\"height:80px\" aria-hidden=\"true\" class=\"wp-block-spacer thor-hidden-lg thor-hidden-xl\"><\/div>\n\n\n\n<h2 class=\"wp-block-heading has-text-align-center font-sans is-style-font-family-display has-large-font-size\">COOKIE POLICY<\/h2>\n\n\n\n<div style=\"height:40px\" aria-hidden=\"true\" class=\"wp-block-spacer\"><\/div>\n\n\n\n<hr class=\"wp-block-separator has-text-color has-primary-color has-css-opacity has-primary-background-color has-background is-style-default\"\/>\n\n\n\n<div style=\"height:40px\" aria-hidden=\"true\" class=\"wp-block-spacer\"><\/div>\n\n\n\n<div class=\"wp-block-group is-layout-constrained wp-block-group-is-layout-constrained\" style=\"padding-top:0;padding-bottom:0\">\n<p class=\"\"><\/p>\n\n\n\n<p class=\"\">Su questo sito web sono presenti dei cookie che migliorano l\u2019esperienza di navigazione e la rendono pi\u00f9 veloce e interattiva. Questa cookie policy descrive i cookie utilizzati e illustra come attivarli o disattivarli; ti invitiamo a consultare periodicamente il contenuto di questa pagina, unitamente alla privacy policy disponibile sul nostro sito web, per rimanere sempre aggiornato rispetto alle modifiche che potremmo apportare.<\/p>\n\n\n\n<p class=\"\"><strong>COSA SONO I COOKIE? QUALI COOKIE SONO UTILIZZATI? COME ATTIVARLI O DISATTIVARLI?<\/strong><\/p>\n\n\n\n<p class=\"\">I cookie sono piccoli file di testo che vengono memorizzati sul tuo dispositivo e che consentono di personalizzare la tua navigazione online o, semplicemente, renderla pi\u00f9 agevole (memorizzando, ad esempio, la lingua con cui vuoi consultare un sito). Pertanto, grazie ai cookie \u00e8 possibile raccogliere informazioni riguardanti la tua navigazione online e utilizzarle per facilitare o personalizzare la tua esperienza di navigazione.<\/p>\n\n\n\n<p class=\"\">Su questo sito utilizziamo pi\u00f9 tipi di cookie, che si distinguono per tipologia e scopo. In generale, i cookie possono essere distinti in due macrocategorie: cookie &#8220;tecnici&#8221; e cookie &#8220;di profilazione&#8221;.<\/p>\n\n\n\n<ul class=\"wp-block-list\">\n<li class=\"\">I\u00a0<strong>cookie tecnici<\/strong>\u00a0garantiscono un utilizzo ottimale del nostro sito web rendendo pi\u00f9 fluida e semplice la navigazione. Questi cookie vengono utilizzati esclusivamente per consentire un utilizzo agevole dei nostri servizi online. In assenza di questi cookie, alcune sezioni del nostro sito web non sarebbero accessibili o risulterebbero di difficile utilizzo. Trattandosi dunque di cookie essenziali per l\u2019utilizzo della nostra pagina web, tali cookie sono sempre attivi e non possono essere disattivati. Inoltre, per l\u2019attivazione di tali cookie non \u00e8 richiesto il tuo consenso. La base legale che ci consente di utilizzarli \u00e8 il nostro legittimo interesse al regolare funzionamento di questo sito.<\/li>\n<\/ul>\n\n\n\n<p class=\"\">Rientrano all\u2019interno della categoria dei cookie tecnici anche i&nbsp;<strong>cookie di funzionalit\u00e0<\/strong>&nbsp;che consentono la navigazione in funzione di una serie di criteri selezionati (ad esempio, la lingua).<br>Inoltre, sono assimilati ai cookie tecnici anche i&nbsp;<strong>cookie analitici<\/strong>, che ci permettono di trattare esclusivamente informazioni di tipo statistico, raccolte in forma aggregata, relative al numero di visitatori e a come questi utilizzano il nostro sito web.&nbsp;<\/p>\n\n\n\n<ul class=\"wp-block-list\">\n<li class=\"\">I\u00a0<strong>cookie di profilazione<\/strong>\u00a0vengono utilizzati per raccogliere informazioni relative alle tue abitudini di navigazione (es. pagine visitate ecc.): trattiamo questi dati per proporti contenuti personalizzati e pubblicit\u00e0 mirate. Tutti i cookie di profilazione possono essere abilitati\/disabilitati cliccando su\u00a0Impostazioni Cookie\u00a0o modificando le impostazioni del browser che stai utilizzando per la navigazione web.<\/li>\n<\/ul>\n\n\n\n<p class=\"\">Ti ricordiamo che i cookie di profilazione saranno effettivamente attivi soltanto se cliccherai il pulsante \u201cAccetto\u201d posizionato sul banner dedicato ai cookie presente sul nostro sito web. Pertanto, i cookie di profilazione raccolgono informazioni sulla tua navigazione soltanto se hai espresso il tuo consenso a riguardo.<\/p>\n\n\n\n<p class=\"\">I cookie possono essere classificati anche in cookie&nbsp;<strong>proprietari (o di prima parte)<\/strong>&nbsp;se gestiti direttamente da Cantiere del Pardo o&nbsp;di <strong>terza parte<\/strong>, ossia di propriet\u00e0 di nostri partner commerciali.<\/p>\n\n\n\n<p class=\"\"><strong>ELENCO DEI COOKIE UTILIZZATI<\/strong><\/p>\n\n\n\n<p class=\"\"><strong>Cookie Tecnici<\/strong><\/p>\n\n\n\n<figure class=\"wp-block-table\"><table class=\"has-fixed-layout\"><tbody><tr><td><strong>Nome del cookie<\/strong><\/td><td><strong>Partner<\/strong><\/td><td><strong>Funzione<\/strong><\/td><td><strong>Durata<\/strong><\/td><\/tr><tr><td>****<\/td><td>*****<\/td><td>****<\/td><td>****<\/td><\/tr><\/tbody><\/table><\/figure>\n\n\n\n<p class=\"\"><strong>Cookie di profilazione<\/strong><\/p>\n\n\n\n<figure class=\"wp-block-table\"><table class=\"has-fixed-layout\"><tbody><tr><td><strong>Nome del cookie<\/strong><\/td><td><strong>Partner<\/strong><\/td><td><strong>Funzione<\/strong><\/td><td><strong>Durata<\/strong><\/td><\/tr><tr><td>****<\/td><td>****<\/td><td>****<\/td><td>****<\/td><\/tr><\/tbody><\/table><\/figure>\n\n\n\n<p class=\"\"><strong>TITOLARE DEL TRATTAMENTO&nbsp;<\/strong><\/p>\n\n\n\n<p class=\"\">Il Titolare del Trattamento \u00e8 Cantiere del Pardo S.p.A., con sede legale in Via F.lli Lumi\u00e8re 34, Forl\u00ec (FC), e-mail <a href=\"mailto:privacy@cantieredelpardo.com\">privacy@cantieredelpardo.com<\/a><\/p>\n\n\n\n<p class=\"\"><strong>COMUNICAZIONE, E TRASFERIMENTO DEI TUOI DATI<\/strong><\/p>\n\n\n\n<p class=\"\">Le informazioni raccolte tramite i cookie verranno comunicate al nostro personale in qualit\u00e0 di incaricato al trattamento nonch\u00e8 ai nostri fornitori e consulenti (ad esempio: ai nostri fornitori di servizi e piattaforme IT) in qualit\u00e0 di responsabili del trattamento, coinvolti nella gestione e manutenzione del nostro sito web.<\/p>\n\n\n\n<p class=\"\">I dati potrebbero essere trasferiti al di fuori dall&#8217;Unione Europea: in tal caso, verranno trasferiti soltanto previa sottoscrizione delle Clausole Contrattuali Standard approvate dalla Commissione UE con decisione n.2021\/914\/UE oppure verso Paesi in grado di garantire un adeguato livello di protezione dei dati personali e destinatari quindi di una Decisione di Adeguatezza adottata dalla Commissione UE.<\/p>\n\n\n\n<p class=\"\"><strong>DIRITTI PRIVACY<\/strong><\/p>\n\n\n\n<p class=\"\">In qualit\u00e0 di interessato, puoi esercitare i diritti di seguito elencati scrivendo all\u2019indirizzo e-mail <a href=\"mailto:privacy@cantieredelpardo.com\">privacy@cantieredelpardo.com<\/a>. Riceverai una risposta nel pi\u00f9 breve tempo possibile e, in ogni caso, entro 30 giorni. Potremmo richiederti delle informazioni aggiuntive se, in relazione alla tua richiesta, dovesse essere necessario verificare la tua identit\u00e0.<\/p>\n\n\n\n<ul class=\"wp-block-list\">\n<li class=\"\"><strong>Diritto di accesso:<\/strong>\u00a0hai il diritto di sapere se \u00e8 in corso un trattamento di dati personali che ti riguardano e, in caso affermativo, di ottenere una copia di tali dati. Inoltre, hai il diritto di conoscere: l\u2019origine dei dati, le categorie di dati personali trattate, i destinatari dei dati, le finalit\u00e0 del trattamento, l\u2019esistenza di un processo decisionale automatizzato (compresa la profilazione), il periodo di conservazione dei dati e i diritti riconosciuti dal Regolamento 679\/2016 (\u201cGDPR\u201d).<\/li>\n\n\n\n<li class=\"\"><strong>Diritto di rettifica e integrazione: <\/strong>hai il diritto di ottenere la rettifica o l\u2019integrazione dei tuoi dati personali qualora questi siano inesatti o incompleti.<\/li>\n<\/ul>\n\n\n\n<ul class=\"wp-block-list\">\n<li class=\"\"><strong>Diritto alla cancellazione<\/strong>: hai il diritto di chiedere che i tuoi dati siano cancellati qualora non siano pi\u00f9 necessari per le finalit\u00e0 per le quali sono stati raccolti o qualora non fossimo pi\u00f9 autorizzati a trattarli.<\/li>\n\n\n\n<li class=\"\"><strong>Diritto di ottenere la limitazione del trattamento<\/strong>: hai il diritto di ottenere la limitazione dei dati personali che ti riguardano nei seguenti casi: i) se hai contestato l\u2019esattezza dei dati personali: in tale ipotesi puoi richiedere una limitazione del trattamento per il periodo necessario a verificare l\u2019esattezza dei dati; ii) se non siamo pi\u00f9\u00a0 autorizzati a trattare i dati, e invece di cancellarli, puoi chiederci di limitarne l\u2019utilizzo; iii) se i dati personali in nostro possesso, nonostante non siano pi\u00f9 necessari per le finalit\u00e0 per le quali sono stati raccolti, sono per te necessari per l\u2019accertamento, l\u2019esercizio o la difesa di un diritto in sede giudiziaria; vi) se ti sei opposto ad un trattamento basato su di un nostro legittimo interesse. In tale ipotesi, in attesa della verifica della prevalenza dei nostri motivi legittimi rispetto ai tuoi interessi, diritti e libert\u00e0, puoi richiedere la limitazione del trattamento.<\/li>\n<\/ul>\n\n\n\n<ul class=\"wp-block-list\">\n<li class=\"\"><strong>Diritto alla portabilit\u00e0 dei dati<\/strong>: hai il diritto di ricevere in un formato strutturato, di uso comune e leggibile da dispositivo automatico i dati personali che ti riguardano. Inoltre, hai il diritto di chiedere che tali dati siano trasmessi ad un altro titolare.<\/li>\n\n\n\n<li class=\"\"><strong>Diritto di revoca del consenso: <\/strong>hai il diritto di revocare in qualsiasi momento il consenso che hai prestato per i trattamenti basati su di esso.<\/li>\n<\/ul>\n\n\n\n<ul class=\"wp-block-list\">\n<li class=\"\"><strong>Diritto di opposizione:<\/strong>\u00a0hai il diritto di opporti in qualsiasi momento ai trattamenti dei tuoi dati personali che sono basati su di un nostro legittimo interesse.<\/li>\n<\/ul>\n\n\n\n<p class=\"\">Inoltre, se ritieni che il trattamento dei tuoi dati avvenga in contrasto con le norme relative alla protezione dei dati personali, hai anche il<strong> diritto di proporre reclamo <\/strong>al Garante per la protezione dei dati personali.<\/p>\n\n\n\n<p class=\"\">Ultimo aggiornamento: Febbraio 2026<\/p>\n<\/div>\n\n\n\n<style>\np, li {\n  margin-top:10px;\n  margin-bottom:10px;\n}\n<\/style>\n\n\n\n<div style=\"height:80px\" aria-hidden=\"true\" class=\"wp-block-spacer thor-hidden-sm thor-hidden-md\"><\/div>\n\n\n\n<div style=\"height:40px\" aria-hidden=\"true\" class=\"wp-block-spacer thor-hidden-lg thor-hidden-xl\"><\/div>\n<\/div>\n","protected":false},"excerpt":{"rendered":"<p>COOKIE POLICY Su questo sito web sono presenti dei cookie che migliorano l\u2019esperienza di navigazione e la rendono pi\u00f9 veloce&#8230;<\/p>\n","protected":false},"author":2,"featured_media":0,"parent":0,"menu_order":0,"comment_status":"closed","ping_status":"closed","template":"","meta":{"_acf_changed":false,"inline_featured_image":false,"footnotes":""},"class_list":["post-26883","page","type-page","status-publish","hentry"],"acf":[],"yoast_head":"<!-- This site is optimized with the Yoast SEO plugin v23.6 - https:\/\/yoast.com\/wordpress\/plugins\/seo\/ -->\n<title>COOKIE POLICY - Grand Soleil<\/title>\n<meta name=\"robots\" content=\"index, follow, max-snippet:-1, max-image-preview:large, max-video-preview:-1\" \/>\n<link rel=\"canonical\" href=\"https:\/\/www.grandsoleil.net\/it\/cookie-policy\/\" \/>\n<meta property=\"og:locale\" content=\"it_IT\" \/>\n<meta property=\"og:type\" content=\"article\" \/>\n<meta property=\"og:title\" content=\"COOKIE POLICY - Grand Soleil\" \/>\n<meta property=\"og:description\" content=\"COOKIE POLICY Su questo sito web sono presenti dei cookie che migliorano l\u2019esperienza di navigazione e la rendono pi\u00f9 veloce...\" \/>\n<meta property=\"og:url\" content=\"https:\/\/www.grandsoleil.net\/it\/cookie-policy\/\" \/>\n<meta property=\"og:site_name\" content=\"Grand Soleil\" \/>\n<meta property=\"article:modified_time\" content=\"2026-03-13T11:43:34+00:00\" \/>\n<meta name=\"twitter:card\" content=\"summary_large_image\" \/>\n<meta name=\"twitter:label1\" content=\"Tempo di lettura stimato\" \/>\n\t<meta name=\"twitter:data1\" content=\"5 minuti\" \/>\n<script type=\"application\/ld+json\" class=\"yoast-schema-graph\">{\"@context\":\"https:\/\/schema.org\",\"@graph\":[{\"@type\":\"WebPage\",\"@id\":\"https:\/\/www.grandsoleil.net\/it\/cookie-policy\/\",\"url\":\"https:\/\/www.grandsoleil.net\/it\/cookie-policy\/\",\"name\":\"COOKIE POLICY - Grand Soleil\",\"isPartOf\":{\"@id\":\"https:\/\/www.grandsoleil.net\/#website\"},\"datePublished\":\"2026-03-13T11:43:30+00:00\",\"dateModified\":\"2026-03-13T11:43:34+00:00\",\"breadcrumb\":{\"@id\":\"https:\/\/www.grandsoleil.net\/it\/cookie-policy\/#breadcrumb\"},\"inLanguage\":\"it-IT\",\"potentialAction\":[{\"@type\":\"ReadAction\",\"target\":[\"https:\/\/www.grandsoleil.net\/it\/cookie-policy\/\"]}]},{\"@type\":\"WebSite\",\"@id\":\"https:\/\/www.grandsoleil.net\/#website\",\"url\":\"https:\/\/www.grandsoleil.net\/\",\"name\":\"Grand Soleil\",\"description\":\"\",\"publisher\":{\"@id\":\"https:\/\/www.grandsoleil.net\/#organization\"},\"potentialAction\":[{\"@type\":\"SearchAction\",\"target\":{\"@type\":\"EntryPoint\",\"urlTemplate\":\"https:\/\/www.grandsoleil.net\/?s={search_term_string}\"},\"query-input\":{\"@type\":\"PropertyValueSpecification\",\"valueRequired\":true,\"valueName\":\"search_term_string\"}}],\"inLanguage\":\"it-IT\"},{\"@type\":\"Organization\",\"@id\":\"https:\/\/www.grandsoleil.net\/#organization\",\"name\":\"Grand Soleil\",\"url\":\"https:\/\/www.grandsoleil.net\/\",\"logo\":{\"@type\":\"ImageObject\",\"inLanguage\":\"it-IT\",\"@id\":\"https:\/\/www.grandsoleil.net\/#\/schema\/logo\/image\/\",\"url\":\"https:\/\/www.grandsoleil.net\/app\/uploads\/2021\/09\/GrandSoleil_logo.jpeg\",\"contentUrl\":\"https:\/\/www.grandsoleil.net\/app\/uploads\/2021\/09\/GrandSoleil_logo.jpeg\",\"width\":768,\"height\":159,\"caption\":\"Grand Soleil\"},\"image\":{\"@id\":\"https:\/\/www.grandsoleil.net\/#\/schema\/logo\/image\/\"}}]}<\/script>\n<!-- \/ Yoast SEO plugin. -->","yoast_head_json":{"title":"COOKIE POLICY - Grand Soleil","robots":{"index":"index","follow":"follow","max-snippet":"max-snippet:-1","max-image-preview":"max-image-preview:large","max-video-preview":"max-video-preview:-1"},"canonical":"https:\/\/www.grandsoleil.net\/it\/cookie-policy\/","og_locale":"it_IT","og_type":"article","og_title":"COOKIE POLICY - Grand Soleil","og_description":"COOKIE POLICY Su questo sito web sono presenti dei cookie che migliorano l\u2019esperienza di navigazione e la rendono pi\u00f9 veloce...","og_url":"https:\/\/www.grandsoleil.net\/it\/cookie-policy\/","og_site_name":"Grand Soleil","article_modified_time":"2026-03-13T11:43:34+00:00","twitter_card":"summary_large_image","twitter_misc":{"Tempo di lettura stimato":"5 minuti"},"schema":{"@context":"https:\/\/schema.org","@graph":[{"@type":"WebPage","@id":"https:\/\/www.grandsoleil.net\/it\/cookie-policy\/","url":"https:\/\/www.grandsoleil.net\/it\/cookie-policy\/","name":"COOKIE POLICY - Grand Soleil","isPartOf":{"@id":"https:\/\/www.grandsoleil.net\/#website"},"datePublished":"2026-03-13T11:43:30+00:00","dateModified":"2026-03-13T11:43:34+00:00","breadcrumb":{"@id":"https:\/\/www.grandsoleil.net\/it\/cookie-policy\/#breadcrumb"},"inLanguage":"it-IT","potentialAction":[{"@type":"ReadAction","target":["https:\/\/www.grandsoleil.net\/it\/cookie-policy\/"]}]},{"@type":"WebSite","@id":"https:\/\/www.grandsoleil.net\/#website","url":"https:\/\/www.grandsoleil.net\/","name":"Grand Soleil","description":"","publisher":{"@id":"https:\/\/www.grandsoleil.net\/#organization"},"potentialAction":[{"@type":"SearchAction","target":{"@type":"EntryPoint","urlTemplate":"https:\/\/www.grandsoleil.net\/?s={search_term_string}"},"query-input":{"@type":"PropertyValueSpecification","valueRequired":true,"valueName":"search_term_string"}}],"inLanguage":"it-IT"},{"@type":"Organization","@id":"https:\/\/www.grandsoleil.net\/#organization","name":"Grand Soleil","url":"https:\/\/www.grandsoleil.net\/","logo":{"@type":"ImageObject","inLanguage":"it-IT","@id":"https:\/\/www.grandsoleil.net\/#\/schema\/logo\/image\/","url":"https:\/\/www.grandsoleil.net\/app\/uploads\/2021\/09\/GrandSoleil_logo.jpeg","contentUrl":"https:\/\/www.grandsoleil.net\/app\/uploads\/2021\/09\/GrandSoleil_logo.jpeg","width":768,"height":159,"caption":"Grand Soleil"},"image":{"@id":"https:\/\/www.grandsoleil.net\/#\/schema\/logo\/image\/"}}]}},"_links":{"self":[{"href":"https:\/\/www.grandsoleil.net\/it\/wp-json\/wp\/v2\/pages\/26883"}],"collection":[{"href":"https:\/\/www.grandsoleil.net\/it\/wp-json\/wp\/v2\/pages"}],"about":[{"href":"https:\/\/www.grandsoleil.net\/it\/wp-json\/wp\/v2\/types\/page"}],"author":[{"embeddable":true,"href":"https:\/\/www.grandsoleil.net\/it\/wp-json\/wp\/v2\/users\/2"}],"replies":[{"embeddable":true,"href":"https:\/\/www.grandsoleil.net\/it\/wp-json\/wp\/v2\/comments?post=26883"}],"version-history":[{"count":1,"href":"https:\/\/www.grandsoleil.net\/it\/wp-json\/wp\/v2\/pages\/26883\/revisions"}],"predecessor-version":[{"id":26884,"href":"https:\/\/www.grandsoleil.net\/it\/wp-json\/wp\/v2\/pages\/26883\/revisions\/26884"}],"wp:attachment":[{"href":"https:\/\/www.grandsoleil.net\/it\/wp-json\/wp\/v2\/media?parent=26883"}],"curies":[{"name":"wp","href":"https:\/\/api.w.org\/{rel}","templated":true}]}}