{"id":6555,"date":"2021-08-16T12:45:40","date_gmt":"2021-08-16T10:45:40","guid":{"rendered":"https:\/\/www.grandsoleil.net\/history\/"},"modified":"2022-02-14T12:58:16","modified_gmt":"2022-02-14T11:58:16","slug":"history","status":"publish","type":"page","link":"https:\/\/www.grandsoleil.net\/it\/history\/","title":{"rendered":"History"},"content":{"rendered":"\n<div class=\"wp-block-group thor-hidden-sm thor-hidden-md is-layout-flow wp-block-group-is-layout-flow\">\n<div class=\"wp-block-group is-layout-flow wp-block-group-is-layout-flow\">\n<div class=\"wp-block-cover alignfull has-background-dim-40 has-background-dim has-parallax\" style=\"background-image:url(https:\/\/www.grandsoleil.net\/app\/uploads\/2021\/08\/Grand-Soleil-History-1.jpg);min-height:900px;aspect-ratio:unset;\"><div class=\"wp-block-cover__inner-container is-layout-flow wp-block-cover-is-layout-flow\">\n<h1 class=\"has-text-align-center is-style-font-family-display has-4-xl-font-size has-5-xl-font-size wp-block-heading\">HERITAGE<\/h1>\n<\/div><\/div>\n<\/div>\n<\/div>\n\n\n\n<div class=\"wp-block-group is-layout-flow wp-block-group-is-layout-flow\">\n<div class=\"wp-block-cover alignfull has-background-dim-20 has-black-background-color has-background-dim has-parallax hide-on-mobile thor-hidden-lg thor-hidden-xl\" style=\"background-image:url(https:\/\/www.grandsoleil.net\/app\/uploads\/2021\/08\/Grand-Soleil-History-V.jpg);min-height:100vh;aspect-ratio:unset;\"><div class=\"wp-block-cover__inner-container is-layout-flow wp-block-cover-is-layout-flow\">\n<div style=\"height:210px\" aria-hidden=\"true\" class=\"wp-block-spacer\"><\/div>\n\n\n\n<h1 class=\"has-text-align-center is-style-font-family-display has-5-xl-font-size wp-block-heading\" style=\"line-height:1\">HERITAGE<\/h1>\n\n\n\n<div style=\"height:30px\" aria-hidden=\"true\" class=\"wp-block-spacer\"><\/div>\n\n\n\n<div style=\"height:200px\" aria-hidden=\"true\" class=\"wp-block-spacer\"><\/div>\n<\/div><\/div>\n\n\n\n<div class=\"wp-block-group is-layout-flow wp-block-group-is-layout-flow\">\n<div class=\"wp-block-group alignfull has-black-color has-white-background-color has-text-color has-background is-layout-flow wp-block-group-is-layout-flow\" id=\"overview\">\n<div class=\"wp-block-group is-layout-flow wp-block-group-is-layout-flow\">\n<div style=\"height:160px\" aria-hidden=\"true\" class=\"wp-block-spacer thor-hidden-sm thor-hidden-md\"><\/div>\n\n\n\n<div style=\"height:80px\" aria-hidden=\"true\" class=\"wp-block-spacer thor-hidden-lg thor-hidden-xl\"><\/div>\n\n\n\n<div class=\"wp-block-group thor-maxwidth-md is-layout-flow wp-block-group-is-layout-flow\">\n<h2 class=\"has-text-align-center font-sans is-style-font-family-display has-3-xl-font-size wp-block-heading\">MODELLI ICONICI E CAPOLAVORI INTRAMONTABILI<\/h2>\n<\/div>\n\n\n\n<div style=\"height:80px\" aria-hidden=\"true\" class=\"wp-block-spacer thor-hidden-lg thor-hidden-xl\"><\/div>\n\n\n\n<div style=\"height:160px\" aria-hidden=\"true\" class=\"wp-block-spacer thor-hidden-sm\"><\/div>\n<\/div>\n<\/div>\n<\/div>\n<\/div>\n\n\n\n<div class=\"wp-block-group is-layout-flow wp-block-group-is-layout-flow\"><div id=\"thor-block_61277f31430d3\" class=\"thor-history\">\n      <div class=\"carousel swiper-container\"\n    >\n      <div class=\"swiper-wrapper\">\n                  <div class=\"swiper-slide\">\n            <div class=\"item year-step\">\n                \n                <div class=\"year\">\n                  <button data-go-to=\"0\">\n                    1973\n                  <\/button>\n                <\/div>\n              \n              <div class=\"item-content\">\n                  \n                  <figure class=\"image\">\n                    <img decoding=\"async\" src=\"https:\/\/www.grandsoleil.net\/app\/uploads\/2021\/08\/Grand-Soleil-History-1973-600x400.jpg\" data-src=\"https:\/\/www.grandsoleil.net\/app\/uploads\/2021\/08\/Grand-Soleil-History-1973.jpg\" class=\"lazy\" \/>\n                  <\/figure>\n                  \n                  \n                  <div class=\"text\">\n                    <p><span data-sheets-value=\"{&quot;1&quot;:2,&quot;2&quot;:&quot;Con Grand Soleil, Cantiere del Pardo inizia nel 1973 la produzione di barche a vela di indiscutibile qualit\u00e0. Il primo yacht realizzato \u00e8 il Grand Soleil 34 Finot, a cui sono seguiti molti altri modelli.&quot;}\" data-sheets-userformat=\"{&quot;2&quot;:2817,&quot;3&quot;:{&quot;1&quot;:0},&quot;11&quot;:4,&quot;12&quot;:0,&quot;14&quot;:{&quot;1&quot;:3,&quot;3&quot;:1}}\">Con Grand Soleil, Cantiere del Pardo inizia nel 1973 la produzione di barche a vela di indiscutibile qualit\u00e0. Il primo yacht realizzato \u00e8 il Grand Soleil 34 Finot, a cui sono seguiti molti altri modelli.<\/span><\/p>\n\n                  <\/div>\n                              <\/div><!--item-content-->\n            <\/div>\n          <\/div><!--swiper-slide-->\n                  <div class=\"swiper-slide\">\n            <div class=\"item year-step\">\n                \n                <div class=\"year\">\n                  <button data-go-to=\"1\">\n                    1977\n                  <\/button>\n                <\/div>\n              \n              <div class=\"item-content\">\n                  \n                  <figure class=\"image\">\n                    <img decoding=\"async\" src=\"https:\/\/www.grandsoleil.net\/app\/uploads\/2021\/08\/Grand-Soleil-History-1987-600x400.jpg\" data-src=\"https:\/\/www.grandsoleil.net\/app\/uploads\/2021\/08\/Grand-Soleil-History-1987.jpg\" class=\"lazy\" \/>\n                  <\/figure>\n                  \n                  \n                  <div class=\"text\">\n                    <p><span data-sheets-value=\"{&quot;1&quot;:2,&quot;2&quot;:&quot;Per produrre il prototipo del GS 34, yacht che parteciper\u00e0 a importanti regate internazionali, viene coinvolto anche il noto velista Cino Ricci. Fino al 1982, di questo modello entrano in produzione pi\u00f9 di 200 unit\u00e0. &quot;}\" data-sheets-userformat=\"{&quot;2&quot;:2817,&quot;3&quot;:{&quot;1&quot;:0},&quot;11&quot;:4,&quot;12&quot;:0,&quot;14&quot;:{&quot;1&quot;:3,&quot;3&quot;:1}}\">Per produrre il prototipo del GS 34, yacht che parteciper\u00e0 a importanti regate internazionali, viene coinvolto anche il noto velista Cino Ricci. Fino al 1982, di questo modello entrano in produzione pi\u00f9 di 200 unit\u00e0. <\/span><\/p>\n\n                  <\/div>\n                              <\/div><!--item-content-->\n            <\/div>\n          <\/div><!--swiper-slide-->\n                  <div class=\"swiper-slide\">\n            <div class=\"item \">\n              \n              <div class=\"item-content\">\n                  \n                  \n                  <div class=\"text\">\n                    <p><span data-sheets-value=\"{&quot;1&quot;:2,&quot;2&quot;:&quot;Da quel momento, Cantiere del Pardo inizia la produzione di altri modelli portando in acqua una vera e propria gamma di yacht Grand Soleil tra cui il GS 35 il GS 41, il leggendario GS 39 e la linea progettata dal designer Alain Jezequel che comprende i GS 35 \/ 343 \/ 39 e 46.&quot;}\" data-sheets-userformat=\"{&quot;2&quot;:2817,&quot;3&quot;:{&quot;1&quot;:0},&quot;11&quot;:4,&quot;12&quot;:0,&quot;14&quot;:{&quot;1&quot;:3,&quot;3&quot;:1}}\">Da quel momento, Cantiere del Pardo inizia la produzione di altri modelli portando in acqua una vera e propria gamma di yacht Grand Soleil tra cui il GS 35 il GS 41, il leggendario GS 39 e la linea progettata dal designer Alain Jezequel che comprende i GS 35 \/ 343 \/ 39 e 46.<\/span><\/p>\n\n                  <\/div>\n                              <\/div><!--item-content-->\n            <\/div>\n          <\/div><!--swiper-slide-->\n                  <div class=\"swiper-slide\">\n            <div class=\"item year-step\">\n                \n                <div class=\"year\">\n                  <button data-go-to=\"3\">\n                    1990\n                  <\/button>\n                <\/div>\n              \n              <div class=\"item-content\">\n                  \n                  <figure class=\"image\">\n                    <img decoding=\"async\" src=\"https:\/\/www.grandsoleil.net\/app\/uploads\/2021\/08\/Grand-Soleil-History-1990-600x400.jpg\" data-src=\"https:\/\/www.grandsoleil.net\/app\/uploads\/2021\/08\/Grand-Soleil-History-1990.jpg\" class=\"lazy\" \/>\n                  <\/figure>\n                  \n                  \n                  <div class=\"text\">\n                    <p><span data-sheets-value=\"{&quot;1&quot;:2,&quot;2&quot;:&quot;Un range sempre pi\u00f9 completo di modelli che dal GS 343 crescono in dimensioni fino al GS 52, aprendosi alle abili capacit\u00e0 del designer German Frers che progetta i modelli pi\u00f9 iconici di tutti i tempi (GS 42 \/ GS 45 \/ GS 52) soprannominati ironicamente \u201cSpaghetti Swan\u201d. &quot;}\" data-sheets-userformat=\"{&quot;2&quot;:2817,&quot;3&quot;:{&quot;1&quot;:0},&quot;11&quot;:4,&quot;12&quot;:0,&quot;14&quot;:{&quot;1&quot;:3,&quot;3&quot;:1}}\">Un range sempre pi\u00f9 completo di modelli che dal GS 343 crescono in dimensioni fino al GS 52, aprendosi alle abili capacit\u00e0 del designer German Frers che progetta i modelli pi\u00f9 iconici di tutti i tempi (GS 42 \/ GS 45 \/ GS 52) soprannominati ironicamente \u201cSpaghetti Swan\u201d. <\/span><\/p>\n\n                  <\/div>\n                              <\/div><!--item-content-->\n            <\/div>\n          <\/div><!--swiper-slide-->\n                  <div class=\"swiper-slide\">\n            <div class=\"item year-step\">\n                \n                <div class=\"year\">\n                  <button data-go-to=\"4\">\n                    2020\n                  <\/button>\n                <\/div>\n              \n              <div class=\"item-content\">\n                  \n                  <figure class=\"image\">\n                    <img decoding=\"async\" src=\"https:\/\/www.grandsoleil.net\/app\/uploads\/2021\/08\/Grand-Soleil-History-2020-600x400.jpg\" data-src=\"https:\/\/www.grandsoleil.net\/app\/uploads\/2021\/08\/Grand-Soleil-History-2020.jpg\" class=\"lazy\" \/>\n                  <\/figure>\n                  \n                  \n                  <div class=\"text\">\n                    <p>Il GS40 \u00e8 un salto nel futuro del design nautico. Questo nuovo modello disegnato da Massimo Paperini (Duck Design) segna un punto di rottura con il passato ben riconoscibile nelle linee di carena.<br \/>\nAnche se le inclinazioni dello specchio di poppa suggeriscono una linea classica, sono assenti le classiche eliche anteriori sostituite da una prua verticale istallata su uno scafo dall&#8217;architettura moderna.<\/p>\n\n                  <\/div>\n                              <\/div><!--item-content-->\n            <\/div>\n          <\/div><!--swiper-slide-->\n                  <div class=\"swiper-slide\">\n            <div class=\"item \">\n              \n              <div class=\"item-content\">\n                  \n                  \n                  <div class=\"text\">\n                    <p><span data-sheets-value=\"{&quot;1&quot;:2,&quot;2&quot;:&quot;Il GS 40 \u00e8 un grande successo per la sua duplice versatilit\u00e0, uno yacht progettato per competere nelle regate (IMS) permettere agli armatori di navigare in autonomia per molti giorni e all'interno di spazi eleganti e confortevoli. &quot;}\" data-sheets-userformat=\"{&quot;2&quot;:2817,&quot;3&quot;:{&quot;1&quot;:0},&quot;11&quot;:4,&quot;12&quot;:0,&quot;14&quot;:{&quot;1&quot;:3,&quot;3&quot;:1}}\">Il GS 40 \u00e8 un grande successo per la sua duplice versatilit\u00e0, uno yacht progettato per competere nelle regate (IMS) permettere agli armatori di navigare in autonomia per molti giorni e all&#8217;interno di spazi eleganti e confortevoli. <\/span><\/p>\n\n                  <\/div>\n                              <\/div><!--item-content-->\n            <\/div>\n          <\/div><!--swiper-slide-->\n              <\/div>\n\n    <\/div><!--swiper-container-->\n  <\/div><\/div>\n\n\n\n<div style=\"height:160px\" aria-hidden=\"true\" class=\"wp-block-spacer thor-hidden-sm\"><\/div>\n\n\n\n<div style=\"height:80px\" aria-hidden=\"true\" class=\"wp-block-spacer thor-hidden-lg thor-hidden-xl\"><\/div>\n\n\n\n<div class=\"wp-block-group thor-hidden-sm thor-hidden-md is-layout-flow wp-block-group-is-layout-flow\">\n<div class=\"wp-block-cover alignfull has-background-dim-10 has-black-background-color has-background-dim has-parallax\" style=\"background-image:url(https:\/\/www.grandsoleil.net\/app\/uploads\/2021\/08\/Grand-Soleil-Lifestyle-Hero.jpg);min-height:700px;aspect-ratio:unset;\"><div class=\"wp-block-cover__inner-container is-layout-flow wp-block-cover-is-layout-flow\">\n<div style=\"height:60px\" aria-hidden=\"true\" class=\"wp-block-spacer\"><\/div>\n\n\n\n<h4 class=\"has-text-align-center is-style-font-family-display has-5-xl-font-size wp-block-heading\" style=\"line-height:1\">TAILOR MADE <br>LUXURY<\/h4>\n\n\n\n<div style=\"height:40px\" aria-hidden=\"true\" class=\"wp-block-spacer\"><\/div>\n\n\n\n<div class=\"wp-block-buttons is-content-justification-center is-layout-flex wp-block-buttons-is-layout-flex\">\n<div class=\"wp-block-button\"><a class=\"wp-block-button__link has-black-color has-white-background-color has-text-color has-background\" href=\"https:\/\/www.grandsoleil.net\/it\/lifestyle\/\">GRAND SOLEIL CARE<\/a><\/div>\n<\/div>\n\n\n\n<div style=\"height:60px\" aria-hidden=\"true\" class=\"wp-block-spacer\"><\/div>\n<\/div><\/div>\n<\/div>\n\n\n\n<div class=\"wp-block-cover alignfull has-background-dim-10 has-black-background-color has-background-dim has-parallax thor-hidden-lg thor-hidden-xl\" style=\"background-image:url(https:\/\/www.grandsoleil.net\/app\/uploads\/2021\/08\/Grand-Soleil-Lifestyle-V.jpg);min-height:700px;aspect-ratio:unset;\"><div class=\"wp-block-cover__inner-container is-layout-flow wp-block-cover-is-layout-flow\">\n<div style=\"height:60px\" aria-hidden=\"true\" class=\"wp-block-spacer\"><\/div>\n\n\n\n<h3 class=\"has-text-align-center is-style-font-family-display has-5-xl-font-size wp-block-heading\" style=\"line-height:1\">TAILOR MADE LUXURY<\/h3>\n\n\n\n<div style=\"height:40px\" aria-hidden=\"true\" class=\"wp-block-spacer\"><\/div>\n\n\n\n<div class=\"wp-block-buttons is-content-justification-center is-layout-flex wp-block-buttons-is-layout-flex\">\n<div class=\"wp-block-button\"><a class=\"wp-block-button__link has-black-color has-white-background-color has-text-color has-background\" href=\"https:\/\/www.grandsoleil.net\/it\/lifestyle\/\">GRAND SOLEIL CARE<\/a><\/div>\n<\/div>\n\n\n\n<div style=\"height:60px\" aria-hidden=\"true\" class=\"wp-block-spacer\"><\/div>\n<\/div><\/div>\n","protected":false},"excerpt":{"rendered":"<p>MODELLI ICONICI E CAPOLAVORI INTRAMONTABILI<\/p>\n","protected":false},"author":2,"featured_media":0,"parent":0,"menu_order":0,"comment_status":"closed","ping_status":"closed","template":"","meta":{"_acf_changed":false,"inline_featured_image":false,"footnotes":""},"class_list":["post-6555","page","type-page","status-publish","hentry"],"acf":[],"yoast_head":"<!-- This site is optimized with the Yoast SEO plugin v23.6 - https:\/\/yoast.com\/wordpress\/plugins\/seo\/ -->\n<title>La Nostra Storia - Grand Soleil<\/title>\n<meta name=\"description\" content=\"Scopri la storia di Grand Soleil e quali sono stati i modelli pi\u00f9 iconici e di successo dell&#039;azienda. Scopri cosa ci rende unici.\" \/>\n<meta name=\"robots\" content=\"index, follow, max-snippet:-1, max-image-preview:large, max-video-preview:-1\" \/>\n<link rel=\"canonical\" href=\"https:\/\/www.grandsoleil.net\/it\/history\/\" \/>\n<meta property=\"og:locale\" content=\"it_IT\" \/>\n<meta property=\"og:type\" content=\"article\" \/>\n<meta property=\"og:title\" content=\"La Nostra Storia - Grand Soleil\" \/>\n<meta property=\"og:description\" content=\"Scopri la storia di Grand Soleil e quali sono stati i modelli pi\u00f9 iconici e di successo dell&#039;azienda. Scopri cosa ci rende unici.\" \/>\n<meta property=\"og:url\" content=\"https:\/\/www.grandsoleil.net\/it\/history\/\" \/>\n<meta property=\"og:site_name\" content=\"Grand Soleil\" \/>\n<meta property=\"article:modified_time\" content=\"2022-02-14T11:58:16+00:00\" \/>\n<meta name=\"twitter:card\" content=\"summary_large_image\" \/>\n<meta name=\"twitter:label1\" content=\"Tempo di lettura stimato\" \/>\n\t<meta name=\"twitter:data1\" content=\"1 minuto\" \/>\n<script type=\"application\/ld+json\" class=\"yoast-schema-graph\">{\"@context\":\"https:\/\/schema.org\",\"@graph\":[{\"@type\":\"WebPage\",\"@id\":\"https:\/\/www.grandsoleil.net\/it\/history\/\",\"url\":\"https:\/\/www.grandsoleil.net\/it\/history\/\",\"name\":\"La Nostra Storia - Grand Soleil\",\"isPartOf\":{\"@id\":\"https:\/\/www.grandsoleil.net\/#website\"},\"datePublished\":\"2021-08-16T10:45:40+00:00\",\"dateModified\":\"2022-02-14T11:58:16+00:00\",\"description\":\"Scopri la storia di Grand Soleil e quali sono stati i modelli pi\u00f9 iconici e di successo dell'azienda. Scopri cosa ci rende unici.\",\"breadcrumb\":{\"@id\":\"https:\/\/www.grandsoleil.net\/it\/history\/#breadcrumb\"},\"inLanguage\":\"it-IT\",\"potentialAction\":[{\"@type\":\"ReadAction\",\"target\":[\"https:\/\/www.grandsoleil.net\/it\/history\/\"]}]},{\"@type\":\"WebSite\",\"@id\":\"https:\/\/www.grandsoleil.net\/#website\",\"url\":\"https:\/\/www.grandsoleil.net\/\",\"name\":\"Grand Soleil\",\"description\":\"\",\"publisher\":{\"@id\":\"https:\/\/www.grandsoleil.net\/#organization\"},\"potentialAction\":[{\"@type\":\"SearchAction\",\"target\":{\"@type\":\"EntryPoint\",\"urlTemplate\":\"https:\/\/www.grandsoleil.net\/?s={search_term_string}\"},\"query-input\":{\"@type\":\"PropertyValueSpecification\",\"valueRequired\":true,\"valueName\":\"search_term_string\"}}],\"inLanguage\":\"it-IT\"},{\"@type\":\"Organization\",\"@id\":\"https:\/\/www.grandsoleil.net\/#organization\",\"name\":\"Grand Soleil\",\"url\":\"https:\/\/www.grandsoleil.net\/\",\"logo\":{\"@type\":\"ImageObject\",\"inLanguage\":\"it-IT\",\"@id\":\"https:\/\/www.grandsoleil.net\/#\/schema\/logo\/image\/\",\"url\":\"https:\/\/www.grandsoleil.net\/app\/uploads\/2021\/09\/GrandSoleil_logo.jpeg\",\"contentUrl\":\"https:\/\/www.grandsoleil.net\/app\/uploads\/2021\/09\/GrandSoleil_logo.jpeg\",\"width\":768,\"height\":159,\"caption\":\"Grand Soleil\"},\"image\":{\"@id\":\"https:\/\/www.grandsoleil.net\/#\/schema\/logo\/image\/\"}}]}<\/script>\n<!-- \/ Yoast SEO plugin. -->","yoast_head_json":{"title":"La Nostra Storia - Grand Soleil","description":"Scopri la storia di Grand Soleil e quali sono stati i modelli pi\u00f9 iconici e di successo dell'azienda. Scopri cosa ci rende unici.","robots":{"index":"index","follow":"follow","max-snippet":"max-snippet:-1","max-image-preview":"max-image-preview:large","max-video-preview":"max-video-preview:-1"},"canonical":"https:\/\/www.grandsoleil.net\/it\/history\/","og_locale":"it_IT","og_type":"article","og_title":"La Nostra Storia - Grand Soleil","og_description":"Scopri la storia di Grand Soleil e quali sono stati i modelli pi\u00f9 iconici e di successo dell'azienda. Scopri cosa ci rende unici.","og_url":"https:\/\/www.grandsoleil.net\/it\/history\/","og_site_name":"Grand Soleil","article_modified_time":"2022-02-14T11:58:16+00:00","twitter_card":"summary_large_image","twitter_misc":{"Tempo di lettura stimato":"1 minuto"},"schema":{"@context":"https:\/\/schema.org","@graph":[{"@type":"WebPage","@id":"https:\/\/www.grandsoleil.net\/it\/history\/","url":"https:\/\/www.grandsoleil.net\/it\/history\/","name":"La Nostra Storia - Grand Soleil","isPartOf":{"@id":"https:\/\/www.grandsoleil.net\/#website"},"datePublished":"2021-08-16T10:45:40+00:00","dateModified":"2022-02-14T11:58:16+00:00","description":"Scopri la storia di Grand Soleil e quali sono stati i modelli pi\u00f9 iconici e di successo dell'azienda. Scopri cosa ci rende unici.","breadcrumb":{"@id":"https:\/\/www.grandsoleil.net\/it\/history\/#breadcrumb"},"inLanguage":"it-IT","potentialAction":[{"@type":"ReadAction","target":["https:\/\/www.grandsoleil.net\/it\/history\/"]}]},{"@type":"WebSite","@id":"https:\/\/www.grandsoleil.net\/#website","url":"https:\/\/www.grandsoleil.net\/","name":"Grand Soleil","description":"","publisher":{"@id":"https:\/\/www.grandsoleil.net\/#organization"},"potentialAction":[{"@type":"SearchAction","target":{"@type":"EntryPoint","urlTemplate":"https:\/\/www.grandsoleil.net\/?s={search_term_string}"},"query-input":{"@type":"PropertyValueSpecification","valueRequired":true,"valueName":"search_term_string"}}],"inLanguage":"it-IT"},{"@type":"Organization","@id":"https:\/\/www.grandsoleil.net\/#organization","name":"Grand Soleil","url":"https:\/\/www.grandsoleil.net\/","logo":{"@type":"ImageObject","inLanguage":"it-IT","@id":"https:\/\/www.grandsoleil.net\/#\/schema\/logo\/image\/","url":"https:\/\/www.grandsoleil.net\/app\/uploads\/2021\/09\/GrandSoleil_logo.jpeg","contentUrl":"https:\/\/www.grandsoleil.net\/app\/uploads\/2021\/09\/GrandSoleil_logo.jpeg","width":768,"height":159,"caption":"Grand Soleil"},"image":{"@id":"https:\/\/www.grandsoleil.net\/#\/schema\/logo\/image\/"}}]}},"_links":{"self":[{"href":"https:\/\/www.grandsoleil.net\/it\/wp-json\/wp\/v2\/pages\/6555"}],"collection":[{"href":"https:\/\/www.grandsoleil.net\/it\/wp-json\/wp\/v2\/pages"}],"about":[{"href":"https:\/\/www.grandsoleil.net\/it\/wp-json\/wp\/v2\/types\/page"}],"author":[{"embeddable":true,"href":"https:\/\/www.grandsoleil.net\/it\/wp-json\/wp\/v2\/users\/2"}],"replies":[{"embeddable":true,"href":"https:\/\/www.grandsoleil.net\/it\/wp-json\/wp\/v2\/comments?post=6555"}],"version-history":[{"count":10,"href":"https:\/\/www.grandsoleil.net\/it\/wp-json\/wp\/v2\/pages\/6555\/revisions"}],"predecessor-version":[{"id":9470,"href":"https:\/\/www.grandsoleil.net\/it\/wp-json\/wp\/v2\/pages\/6555\/revisions\/9470"}],"wp:attachment":[{"href":"https:\/\/www.grandsoleil.net\/it\/wp-json\/wp\/v2\/media?parent=6555"}],"curies":[{"name":"wp","href":"https:\/\/api.w.org\/{rel}","templated":true}]}}